{"id":999,"date":"2016-06-21T09:31:16","date_gmt":"2016-06-21T09:31:16","guid":{"rendered":"http:\/\/demo.oceanthemes.net\/archi\/?page_id=999"},"modified":"2017-11-27T11:38:01","modified_gmt":"2017-11-27T08:38:01","slug":"home-minimal","status":"publish","type":"page","link":"https:\/\/canersezer.com\/","title":{"rendered":"Anasayfa"},"content":{"rendered":"<p>[vc_row fullwidth=&#8221;yes&#8221; archi_fullheight=&#8221;yes&#8221; archi_parallax=&#8221;yes&#8221; css=&#8221;.vc_custom_1511768399220{padding-top: 90px !important;padding-bottom: 90px !important;background-image: url(http:\/\/canersezer.com\/wp-content\/uploads\/2017\/11\/anas.jpg?id=2015) !important;}&#8221; el_class=&#8221;no-relative full-height&#8221;][vc_column]\t\n\t\t\t<div class=\"banner-logo text-center\">\n\t        <img decoding=\"async\" src=\"https:\/\/canersezer.com\/wp-content\/uploads\/2017\/11\/logo-border-2.png\" alt=\"Caner Sezer Mimarl\u0131k | \u0130\u00e7 Mimarl\u0131k | \u0130n\u015faat | M\u00fchendislik | Gaziantep Mimarl\u0131k Ofisi | Akustik Rapor Hizmeti\">\n\t    <\/div>\n\t\n    <div class=\"vertical-align text-center\">\n        <div class=\"spacer-double\"><\/div>\n        <div class=\"text-slider border-deco\">\n        \t\t\t\t\t\t \n\t\t\t\t<div class=\"text-item\"><h1 class=\"title-2\">Mimarl\u0131k Hizmetleri<\/h1><\/div>    \n\t\t\t\t\t\t\t\t \n\t\t\t\t<div class=\"text-item\"><h1 class=\"title-2\">M\u00fchendislik Hizmetleri<\/h1><\/div>    \n\t\t\t\t\t\t\t\t \n\t\t\t\t<div class=\"text-item\"><h1 class=\"title-2\">\u0130\u00e7 Mimarl\u0131k Hizmetleri<\/h1><\/div>    \n\t\t\t        <\/div>\n        <div class=\"spacer-double\"><\/div>\n        <div class=\"spacer-double\"><\/div>\n    <\/div>\n\n\t\t\t<a href=\"#section-side-1\" class=\"scroll-to\">\n\t\t\t<span class=\"mouse\">\n\t\t\t\t<span class=\"scroll\"><\/span>\n\t\t\t<\/span>\n\t\t<\/a>\n\t   \n[\/vc_column][\/vc_row][vc_row fullwidth=&#8221;yes&#8221; css=&#8221;.vc_custom_1495190900651{padding-top: 0px !important;background-color: #222222 !important;}&#8221;][vc_column]  \n\n\t\t\t<div class=\"container\">\n\t    \t<!-- portfolio filter begin -->\n\t\t    <div class=\"row\">\n\t\t        <div class=\"col-md-12 text-center\">\n\t\t            <ul id=\"filters\" class=\"wow fadeInUp listed_taxonomy_filters\" data-wow-delay=\"0s\">\n\t\t            \t<li><a href=\"#\" data-filter=\"*\" class=\"selected\">T\u00fcm Projeler<\/a><\/li>                    \n\t\t                <li class=\"cate_parent\"><a href=\"#\" data-filter=\".\"><\/a><ul><li><a href=\"#\" data-filter=\".\"><\/a><\/li><li><a href=\"#\" data-filter=\".\"><\/a><\/li><\/ul><\/li><li class=\"cate_parent\"><a href=\"#\" data-filter=\".\"><\/a><ul><li><a href=\"#\" data-filter=\".\"><\/a><\/li><li><a href=\"#\" data-filter=\".\"><\/a><\/li><\/ul><\/li>                    \n\t\t            <\/ul>\n\t\t        <\/div>\n\t\t    <\/div>\n\t    \t<!-- portfolio filter close -->\n\t    <\/div>\n    \n    <div id=\"gallery\" class=\" gallery full-gallery de-gallery pf_full_width pf_3_cols\" style=\"margin:0px 0px\" >\n                     \n        <!-- gallery item -->\n        <div class=\"item    \">\n            <div class=\"picframe\" style=\"margin:0px\">\n                <a  href=\"https:\/\/canersezer.com\/?p=1914\">\n                    <span class=\"overlay\">\n                        <span class=\"pf_text\">\n                            <span class=\"project-name\">ZA YAPI LOCCA L\u0130FE<\/span>\n                        <\/span>\n                    <\/span>\n                <\/a>\n\t\t\t\t\t                <img loading=\"lazy\" decoding=\"async\" width=\"700\" height=\"466\" src=\"https:\/\/canersezer.com\/wp-content\/uploads\/2017\/11\/1-6-700x466.jpg\" class=\"attachment-thumb-portfolio size-thumb-portfolio wp-post-image\" alt=\"\" \/>\t\t\t\t            <\/div>\n        <\/div>\n        <!-- close gallery item -->\n                    \n        <!-- gallery item -->\n        <div class=\"item    \">\n            <div class=\"picframe\" style=\"margin:0px\">\n                <a  href=\"https:\/\/canersezer.com\/?p=1900\">\n                    <span class=\"overlay\">\n                        <span class=\"pf_text\">\n                            <span class=\"project-name\">ZA YAPI LOCCA L\u0130FE<\/span>\n                        <\/span>\n                    <\/span>\n                <\/a>\n\t\t\t\t\t                <img loading=\"lazy\" decoding=\"async\" width=\"700\" height=\"466\" src=\"https:\/\/canersezer.com\/wp-content\/uploads\/2017\/11\/i\u00e7-i\u00e7-700x466.jpg\" class=\"attachment-thumb-portfolio size-thumb-portfolio wp-post-image\" alt=\"\" srcset=\"https:\/\/canersezer.com\/wp-content\/uploads\/2017\/11\/i\u00e7-i\u00e7-700x466.jpg 700w, https:\/\/canersezer.com\/wp-content\/uploads\/2017\/11\/i\u00e7-i\u00e7-300x200.jpg 300w, https:\/\/canersezer.com\/wp-content\/uploads\/2017\/11\/i\u00e7-i\u00e7-768x512.jpg 768w, https:\/\/canersezer.com\/wp-content\/uploads\/2017\/11\/i\u00e7-i\u00e7.jpg 800w\" sizes=\"(max-width: 700px) 100vw, 700px\" \/>\t\t\t\t            <\/div>\n        <\/div>\n        <!-- close gallery item -->\n                    \n        <!-- gallery item -->\n        <div class=\"item    \">\n            <div class=\"picframe\" style=\"margin:0px\">\n                <a  href=\"https:\/\/canersezer.com\/?p=1909\">\n                    <span class=\"overlay\">\n                        <span class=\"pf_text\">\n                            <span class=\"project-name\">ZA YAPI LOFT TOWER<\/span>\n                        <\/span>\n                    <\/span>\n                <\/a>\n\t\t\t\t\t                <img loading=\"lazy\" decoding=\"async\" width=\"538\" height=\"358\" src=\"https:\/\/canersezer.com\/wp-content\/uploads\/2017\/11\/Untitled-1.jpg\" class=\"attachment-thumb-portfolio size-thumb-portfolio wp-post-image\" alt=\"\" srcset=\"https:\/\/canersezer.com\/wp-content\/uploads\/2017\/11\/Untitled-1.jpg 538w, https:\/\/canersezer.com\/wp-content\/uploads\/2017\/11\/Untitled-1-300x200.jpg 300w\" sizes=\"(max-width: 538px) 100vw, 538px\" \/>\t\t\t\t            <\/div>\n        <\/div>\n        <!-- close gallery item -->\n                    \n        <!-- gallery item -->\n        <div class=\"item    \">\n            <div class=\"picframe\" style=\"margin:0px\">\n                <a  href=\"https:\/\/canersezer.com\/?p=1923\">\n                    <span class=\"overlay\">\n                        <span class=\"pf_text\">\n                            <span class=\"project-name\">S\u00dcHA \u0130N\u015eAAT \u015eANLIURFA<\/span>\n                        <\/span>\n                    <\/span>\n                <\/a>\n\t\t\t\t\t                <img loading=\"lazy\" decoding=\"async\" width=\"700\" height=\"466\" src=\"https:\/\/canersezer.com\/wp-content\/uploads\/2017\/11\/1-8-700x466.jpg\" class=\"attachment-thumb-portfolio size-thumb-portfolio wp-post-image\" alt=\"\" \/>\t\t\t\t            <\/div>\n        <\/div>\n        <!-- close gallery item -->\n                    \n        <!-- gallery item -->\n        <div class=\"item    \">\n            <div class=\"picframe\" style=\"margin:0px\">\n                <a  href=\"https:\/\/canersezer.com\/?p=1934\">\n                    <span class=\"overlay\">\n                        <span class=\"pf_text\">\n                            <span class=\"project-name\">CANER SEZER \u0130N\u015eAAT<\/span>\n                        <\/span>\n                    <\/span>\n                <\/a>\n\t\t\t\t\t                <img loading=\"lazy\" decoding=\"async\" width=\"700\" height=\"466\" src=\"https:\/\/canersezer.com\/wp-content\/uploads\/2017\/11\/1-17-700x466.jpg\" class=\"attachment-thumb-portfolio size-thumb-portfolio wp-post-image\" alt=\"\" \/>\t\t\t\t            <\/div>\n        <\/div>\n        <!-- close gallery item -->\n                    \n        <!-- gallery item -->\n        <div class=\"item    \">\n            <div class=\"picframe\" style=\"margin:0px\">\n                <a  href=\"https:\/\/canersezer.com\/?p=2009\">\n                    <span class=\"overlay\">\n                        <span class=\"pf_text\">\n                            <span class=\"project-name\">Alper \u0130n\u015faat \u0130brahimli2<\/span>\n                        <\/span>\n                    <\/span>\n                <\/a>\n\t\t\t\t\t                <img loading=\"lazy\" decoding=\"async\" width=\"700\" height=\"466\" src=\"https:\/\/canersezer.com\/wp-content\/uploads\/2017\/11\/1-18-700x466.jpg\" class=\"attachment-thumb-portfolio size-thumb-portfolio wp-post-image\" alt=\"\" \/>\t\t\t\t            <\/div>\n        <\/div>\n        <!-- close gallery item -->\n           <\/div>\n        \t\t\t\n\n\t\t\t<a href=\"http:\/\/canersezer.com\/index.php\/projelerimiz\/\" class=\"btn btn-line-black btn-big vc_custom_1511599747657 \">T\u00fcm Projeleri G\u00f6rmek \u0130\u00e7in T\u0131klay\u0131n\u0131z<\/a>\n\t    \n[\/vc_column][\/vc_row][vc_row img_halfrow=&#8221;yes&#8221; halfrow_image=&#8221;1982&#8243; img_columns=&#8221;5columns&#8221; img_position=&#8221;imgleft&#8221; el_id=&#8221;section-side-1&#8243;][vc_column animate=&#8221;fadinright&#8221; delay=&#8221;.5&#8243; offset=&#8221;vc_col-md-offset-6 vc_col-md-6&#8243; el_class=&#8221;services-masonry-item-mb0&#8243;][vc_custom_heading text=&#8221;Hizmetlerimiz&#8221; use_theme_fonts=&#8221;yes&#8221; el_class=&#8221;style-2 id-color&#8221;][vc_empty_space height=&#8221;30px&#8221;]<div id=\"services-masonry\" class=\"masonry row\">\n\t\n\t<div class=\"col-md-6 item\">\n\t\t\n\t\t\t\t\n\t\t\t<h3>Mimarl\u0131k Hizmetleri<\/h3>\n\t\t\t<p>Caner Sezer Mimarl\u0131k olarak kaliteli, sa\u011flam ve dekoratif mimarl\u0131k hizmetlerini sa\u011flamaktay\u0131z. Bu do\u011frultuda y\u00fczlerce proje ve uygulama kaydetmi\u015f bulunmaktay\u0131z. En yeni projelerimizi ve zevkinize uygun mimarl\u0131k hizmetlerini vermek i\u00e7in sizleri ofisimize bekliyoruz.<\/p>\n\t\t\t\t\t\t\t<div class=\"spacer-single-10\"><\/div>\t\t\t\t\t\t\t\t\n\t\t\t\t<a href=\"https:\/\/canersezer.com\/?p=1670\" class=\"btn-line \">Devam\u0131n\u0131 Oku<\/a>\n\t\t\t\n\t\t\n\t<\/div>\n\n\t\n\t<div class=\"col-md-6 item\">\n\t\t\n\t\t\t\t\n\t\t\t<h3>M\u00fchendislik Hizmetleri<\/h3>\n\t\t\t<p>Caner Sezer Mimarl\u0131k ofisi olarak i\u015finde uzman m\u00fchendislerimizle sizler i\u00e7in sa\u011flam, dayan\u0131kl\u0131 ve \u015f\u0131k yap\u0131lar in\u015fa etmekteyiz. T\u00fcrkiye genelinde \u00e7al\u0131\u015fmalar\u0131n\u0131 s\u00fcrd\u00fcren mimarl\u0131k, m\u00fchendislik ve in\u015faat ofisi olarak projelerimizi incelemek \u00fczere sizleri ofisimize bekliyoruz.<\/p>\n\t\t\t\t\t\t\t<div class=\"spacer-single-10\"><\/div>\t\t\t\t\t\t\t\t\n\t\t\t\t<a href=\"https:\/\/canersezer.com\/?p=1674\" class=\"btn-line \">Devam\u0131n\u0131 Oku<\/a>\n\t\t\t\n\t\t\n\t<\/div>\n\n\t\t\n<\/div>\t\n\n[\/vc_column][\/vc_row][vc_row css=&#8221;.vc_custom_1495616960929{padding-top: 90px !important;padding-bottom: 90px !important;background-image: url(http:\/\/canersezer.com\/wp-content\/uploads\/2016\/06\/bg-13.jpg?id=1001) !important;}&#8221; el_class=&#8221;no-bg-fixed&#8221;][vc_column width=&#8221;1\/3&#8243;]\n\t<div class=\"de_count \">\n                <h3 class=\"timer\" data-to=\"227\" data-speed=\"2500\">0<\/h3>\n        <span>Toplam Proje<\/span>\n    <\/div>\n\n[\/vc_column][vc_column width=&#8221;1\/3&#8243;]\n\t<div class=\"de_count \">\n                <h3 class=\"timer\" data-to=\"12\" data-speed=\"2500\">0<\/h3>\n        <span>Bekleyen Projeler<\/span>\n    <\/div>\n\n[\/vc_column][vc_column width=&#8221;1\/3&#8243;]\n\t<div class=\"de_count \">\n                <h3 class=\"timer\" data-to=\"227\" data-speed=\"2500\">0<\/h3>\n        <span>Geri D\u00f6n\u00fc\u015f<\/span>\n    <\/div>\n\n[\/vc_column][\/vc_row][vc_row img_halfrow=&#8221;yes&#8221; halfrow_image=&#8221;1985&#8243; img_columns=&#8221;4columns&#8221; img_position=&#8221;imgright&#8221;][vc_column animate=&#8221;fadeinup&#8221; delay=&#8221;0&#8243; offset=&#8221;vc_col-md-7&#8243;][vc_row_inner][vc_column_inner el_class=&#8221;align-right&#8221;][vc_custom_heading text=&#8221;NEDEN B\u0130Z\u0130 TERC\u0130H ETMEL\u0130S\u0130N\u0130Z ?&#8221; font_container=&#8221;tag:h2|text_align:right&#8221; use_theme_fonts=&#8221;yes&#8221; el_class=&#8221;style-2 id-color&#8221;][vc_empty_space height=&#8221;30px&#8221;][\/vc_column_inner][vc_column_inner width=&#8221;1\/2&#8243; animate=&#8221;fadeinright&#8221; delay=&#8221;0&#8243;]\t\t\n\n    <div class=\" box-icon \">\n\t     \n\t    \t<span class=\"icon wow fadeIn\" data-wow-delay=\".5s\">\n\t        \t<i class=\"id-color icon-paintbrush\" ><\/i>\n\t        <\/span>\n\t       \n        <div class=\"text\">\n            <h3>\u0130\u00e7 mekan uzmanl\u0131\u011f\u0131<\/h3>\n            <p>\u0130\u00e7 mekan uzmanl\u0131\u011f\u0131 konusunda uzman kadromuz ile sizlere en iyi hizmeti vermeye \u00e7al\u0131\u015fmaktay\u0131z.<\/p>\n                    <\/div>        \n    <\/div>    \n\n[\/vc_column_inner][vc_column_inner width=&#8221;1\/2&#8243; animate=&#8221;fadeinright&#8221; delay=&#8221;.25&#8243;]\t\t\n\n    <div class=\" box-icon \">\n\t     \n\t    \t<span class=\"icon wow fadeIn\" data-wow-delay=\".75s\">\n\t        \t<i class=\"id-color icon-trophy\" ><\/i>\n\t        <\/span>\n\t       \n        <div class=\"text\">\n            <h3>Kazan\u0131lan \u00d6d\u00fcller<\/h3>\n            <p>T\u00fcrkiye mimarlar odas\u0131ndan alm\u0131\u015f oldu\u011fumuz ba\u015far\u0131 \u00f6d\u00fcllerimiz ile gurur duymaktay\u0131z.<\/p>\n                    <\/div>        \n    <\/div>    \n\n[\/vc_column_inner][vc_column_inner][vc_empty_space height=&#8221;30px&#8221;][\/vc_column_inner][vc_column_inner width=&#8221;1\/2&#8243; animate=&#8221;fadeinright&#8221; delay=&#8221;.5&#8243;]\t\t\n\n    <div class=\" box-icon \">\n\t     \n\t    \t<span class=\"icon wow fadeIn\" data-wow-delay=\"1s\">\n\t        \t<i class=\"id-color icon-chat\" ><\/i>\n\t        <\/span>\n\t       \n        <div class=\"text\">\n            <h3>\u00dccretsiz Dan\u0131\u015fmanl\u0131k Hizmeti<\/h3>\n            <p>\u00dccretsiz Dan\u0131\u015fmanl\u0131k Hizmetimiz ile bilgi edinmek istedi\u011finiz konularda yard\u0131m alabilirsiniz.<\/p>\n                    <\/div>        \n    <\/div>    \n\n[\/vc_column_inner][vc_column_inner width=&#8221;1\/2&#8243; animate=&#8221;fadeinright&#8221; delay=&#8221;.75&#8243;]\t\t\n\n    <div class=\" box-icon \">\n\t     \n\t    \t<span class=\"icon wow fadeIn\" data-wow-delay=\"1.25s\">\n\t        \t<i class=\"id-color icon-wallet\" ><\/i>\n\t        <\/span>\n\t       \n        <div class=\"text\">\n            <h3>\u00d6nemsiyoruz<\/h3>\n            <p>Siz de\u011ferli m\u00fc\u015fterilerimize m\u00fckemmelliyet\u00e7i bir anlay\u0131\u015f ile hizmet sa\u011fl\u0131yoruz.<\/p>\n                    <\/div>        \n    <\/div>    \n\n[\/vc_column_inner][vc_column_inner][vc_empty_space height=&#8221;30px&#8221;][\/vc_column_inner][vc_column_inner width=&#8221;1\/2&#8243; animate=&#8221;fadeinright&#8221; delay=&#8221;1&#8243;]\t\t\n\n    <div class=\" box-icon \">\n\t     \n\t    \t<span class=\"icon wow fadeIn\" data-wow-delay=\"1.5s\">\n\t        \t<i class=\"id-color icon-recycle\" ><\/i>\n\t        <\/span>\n\t       \n        <div class=\"text\">\n            <h3>Garanti Sunuyoruz<\/h3>\n            <p>Yapm\u0131\u015f oldu\u011fumuz i\u015flere vermi\u015f oldu\u011fumuz garanti caner sezer g\u00fcvencesi alt\u0131ndad\u0131r<\/p>\n                    <\/div>        \n    <\/div>    \n\n[\/vc_column_inner][vc_column_inner width=&#8221;1\/2&#8243; animate=&#8221;fadeinright&#8221; delay=&#8221;1.25&#8243;]\t\t\n\n    <div class=\" box-icon \">\n\t     \n\t    \t<span class=\"icon wow fadeIn\" data-wow-delay=\"1.75s\">\n\t        \t<i class=\"id-color icon-envelope\" ><\/i>\n\t        <\/span>\n\t       \n        <div class=\"text\">\n            <h3>7 \/ 24 Destek<\/h3>\n            <p>Firmam\u0131z sizlere g\u00fcn boyunca hizmet vermektedir.<\/p>\n                    <\/div>        \n    <\/div>    \n\n[\/vc_column_inner][\/vc_row_inner][\/vc_column][\/vc_row]<\/p>\n","protected":false},"excerpt":{"rendered":"<p>[vc_row fullwidth=&#8221;yes&#8221; archi_fullheight=&#8221;yes&#8221; archi_parallax=&#8221;yes&#8221; css=&#8221;.vc_custom_1511768399220{padding-top: 90px !important;padding-bottom: 90px !important;background-image: url(http:\/\/canersezer.com\/wp-content\/uploads\/2017\/11\/anas.jpg?id=2015) !important;}&#8221; el_class=&#8221;no-relative full-height&#8221;][vc_column][\/vc_column][\/vc_row][vc_row fullwidth=&#8221;yes&#8221; css=&#8221;.vc_custom_1495190900651{padding-top: 0px !important;background-color: #222222 !important;}&#8221;][vc_column][\/vc_column][\/vc_row][vc_row img_halfrow=&#8221;yes&#8221; halfrow_image=&#8221;1982&#8243; img_columns=&#8221;5columns&#8221; img_position=&#8221;imgleft&#8221; el_id=&#8221;section-side-1&#8243;][vc_column animate=&#8221;fadinright&#8221; delay=&#8221;.5&#8243; offset=&#8221;vc_col-md-offset-6 vc_col-md-6&#8243; el_class=&#8221;services-masonry-item-mb0&#8243;][vc_custom_heading text=&#8221;Hizmetlerimiz&#8221; use_theme_fonts=&#8221;yes&#8221; el_class=&#8221;style-2 id-color&#8221;][vc_empty_space height=&#8221;30px&#8221;][\/vc_column][\/vc_row][vc_row css=&#8221;.vc_custom_1495616960929{padding-top: 90px !important;padding-bottom: 90px !important;background-image: url(http:\/\/canersezer.com\/wp-content\/uploads\/2016\/06\/bg-13.jpg?id=1001) !important;}&#8221; el_class=&#8221;no-bg-fixed&#8221;][vc_column width=&#8221;1\/3&#8243;][\/vc_column][vc_column width=&#8221;1\/3&#8243;][\/vc_column][vc_column width=&#8221;1\/3&#8243;][\/vc_column][\/vc_row][vc_row img_halfrow=&#8221;yes&#8221; halfrow_image=&#8221;1985&#8243; img_columns=&#8221;4columns&#8221; img_position=&#8221;imgright&#8221;][vc_column animate=&#8221;fadeinup&#8221; delay=&#8221;0&#8243; offset=&#8221;vc_col-md-7&#8243;][vc_row_inner][vc_column_inner el_class=&#8221;align-right&#8221;][vc_custom_heading text=&#8221;NEDEN B\u0130Z\u0130 [&hellip;]<\/p>\n","protected":false},"author":1,"featured_media":0,"parent":0,"menu_order":0,"comment_status":"closed","ping_status":"closed","template":"page-templates\/template-canvas.php","meta":{"footnotes":""},"_links":{"self":[{"href":"https:\/\/canersezer.com\/index.php\/wp-json\/wp\/v2\/pages\/999"}],"collection":[{"href":"https:\/\/canersezer.com\/index.php\/wp-json\/wp\/v2\/pages"}],"about":[{"href":"https:\/\/canersezer.com\/index.php\/wp-json\/wp\/v2\/types\/page"}],"author":[{"embeddable":true,"href":"https:\/\/canersezer.com\/index.php\/wp-json\/wp\/v2\/users\/1"}],"replies":[{"embeddable":true,"href":"https:\/\/canersezer.com\/index.php\/wp-json\/wp\/v2\/comments?post=999"}],"version-history":[{"count":0,"href":"https:\/\/canersezer.com\/index.php\/wp-json\/wp\/v2\/pages\/999\/revisions"}],"wp:attachment":[{"href":"https:\/\/canersezer.com\/index.php\/wp-json\/wp\/v2\/media?parent=999"}],"curies":[{"name":"wp","href":"https:\/\/api.w.org\/{rel}","templated":true}]}}