{"id":229,"date":"2015-07-27T03:29:01","date_gmt":"2015-07-27T03:29:01","guid":{"rendered":"http:\/\/demo.oceanthemes.net\/archi\/?page_id=229"},"modified":"2017-11-27T12:17:50","modified_gmt":"2017-11-27T09:17:50","slug":"kurumsal","status":"publish","type":"page","link":"https:\/\/canersezer.com\/index.php\/kurumsal\/","title":{"rendered":"Kurumsal"},"content":{"rendered":"<p>[vc_row fullwidth=&#8221;yes&#8221; css=&#8221;.vc_custom_1474447060420{background-position: 0 0 !important;background-repeat: no-repeat !important;}&#8221; el_class=&#8221;side-bg no-padding&#8221;][vc_column]\n\t<div class=\"side-bg\">\n\t\t<div class=\"image-container pull-left col-md-5\" style=\"background-image:url(https:\/\/canersezer.com\/wp-content\/uploads\/2017\/11\/yenimerdiven.jpg); ?>\" data-delay=\"0\"><\/div>\n        <div class=\"container\">\n            <div class=\"row\">\n                <div class=\"inner-padding\">\n                    <div class=\"col-md-6 col-md-offset-6 wow fadeInRight\" data-wow-delay=\".2s\">\n                        <h2>HAKKIMIZDA<\/h2><br\/>\n                        <\/p>\n<h3><strong>CANER SEZER (M\u0130MAR)<\/strong><\/h3>\n<p><span style=\"font-size: large;\">1984 Gaziantep do\u011fumludur. 2003 &#8211; 2008 y\u0131llar\u0131 aras\u0131nda Bah\u00e7e\u015fehir \u00dcniversitesi Mimarl\u0131k fak\u00fcltesinden mezun olmu\u015ftur. Caner Sezer Mimarl\u0131k &#8211; M\u00fchendislik &#8211; \u0130n\u015faat firmas\u0131nda mimari proje ve tasar\u0131m hizmetlerinin yan\u0131 s\u0131ra 2014 y\u0131l\u0131ndan bu yana in\u015faat sekt\u00f6r\u00fcne ad\u0131m atm\u0131\u015ft\u0131r.<\/span><\/p>\n<p>&nbsp;<\/p>\n<h3><\/h3>\n<h3><strong>G\u00d6ZDE \u015eAFAK SEZER (Y\u00fcksek \u0130n\u015faat M\u00fchendisi)<\/strong><\/h3>\n<p><span style=\"font-size: large;\">1987 Gaziantep do\u011fumludur. 2005 &#8211; 2010 y\u0131llar\u0131 aras\u0131nda Gaziantep \u00dcniversitesi \u0130n\u015faat M\u00fchendisli\u011fi fak\u00fcltesinden mezun olmu\u015ftur.<\/span><span style=\"font-size: large;\"> 2010 &#8211; 2013 y\u0131llar\u0131 aras\u0131nda Gaziantep \u00dcniversitesi \u0130n\u015faat M\u00fchendisli\u011fi Yap\u0131 Anabilim dal\u0131nda y\u00fcksek lisans e\u011fitimini tamamlam\u0131\u015ft\u0131r. 2010 y\u0131l\u0131ndan bu yana Caner Sezer Mimarl\u0131k &#8211; M\u00fchendislik &#8211; \u0130n\u015faat firmas\u0131nda statik proje dan\u0131\u015fmanl\u0131\u011f\u0131 ve koordinat\u00f6rl\u00fc\u011f\u00fc hizmetlerini sa\u011flamaktad\u0131r.<\/span>                    <\/div>\n                    <div class=\"clearfix\"><\/div>\n                <\/div>\n            <\/div>\n        <\/div>\n\t<\/div>\n\n[\/vc_column][\/vc_row][vc_row fullwidth=&#8221;yes&#8221; css=&#8221;.vc_custom_1442204650520{padding-top: 60px !important;padding-bottom: 60px !important;}&#8221; el_class=&#8221;call-to-action bg-color text-center&#8221;][vc_column]\t\t\t\n\n\t\t\t<a href=\"http:\/\/canersezer.com\/index.php\/iletisim\/\" class=\"btn btn-line-black btn-big  \">\u0130leti\u015fime Ge\u00e7in<\/a>\n\t    \n[\/vc_column][\/vc_row]<\/p>\n","protected":false},"excerpt":{"rendered":"<p>[vc_row fullwidth=&#8221;yes&#8221; css=&#8221;.vc_custom_1474447060420{background-position: 0 0 !important;background-repeat: no-repeat !important;}&#8221; el_class=&#8221;side-bg no-padding&#8221;][vc_column][\/vc_column][\/vc_row][vc_row fullwidth=&#8221;yes&#8221; css=&#8221;.vc_custom_1442204650520{padding-top: 60px !important;padding-bottom: 60px !important;}&#8221; el_class=&#8221;call-to-action bg-color text-center&#8221;][vc_column][\/vc_column][\/vc_row]<\/p>\n","protected":false},"author":1,"featured_media":0,"parent":0,"menu_order":0,"comment_status":"open","ping_status":"open","template":"page-templates\/template-fullwidth.php","meta":{"footnotes":""},"_links":{"self":[{"href":"https:\/\/canersezer.com\/index.php\/wp-json\/wp\/v2\/pages\/229"}],"collection":[{"href":"https:\/\/canersezer.com\/index.php\/wp-json\/wp\/v2\/pages"}],"about":[{"href":"https:\/\/canersezer.com\/index.php\/wp-json\/wp\/v2\/types\/page"}],"author":[{"embeddable":true,"href":"https:\/\/canersezer.com\/index.php\/wp-json\/wp\/v2\/users\/1"}],"replies":[{"embeddable":true,"href":"https:\/\/canersezer.com\/index.php\/wp-json\/wp\/v2\/comments?post=229"}],"version-history":[{"count":0,"href":"https:\/\/canersezer.com\/index.php\/wp-json\/wp\/v2\/pages\/229\/revisions"}],"wp:attachment":[{"href":"https:\/\/canersezer.com\/index.php\/wp-json\/wp\/v2\/media?parent=229"}],"curies":[{"name":"wp","href":"https:\/\/api.w.org\/{rel}","templated":true}]}}